{"id":5413,"date":"2022-07-21T09:52:42","date_gmt":"2022-07-21T09:52:42","guid":{"rendered":"http:\/\/mbmbike.it\/mbm-my-best-move\/"},"modified":"2022-07-21T10:12:29","modified_gmt":"2022-07-21T10:12:29","slug":"mbm-my-best-move","status":"publish","type":"page","link":"https:\/\/www.mbmbike.it\/pl\/mbm-my-best-move\/","title":{"rendered":"MBM &#8211; My Best Move"},"content":{"rendered":"<p>[et_pb_section fb_built=&#8221;1&#8243; fullwidth=&#8221;on&#8221; _builder_version=&#8221;4.11.0&#8243; _module_preset=&#8221;default&#8221; custom_margin=&#8221;0px||0px||false|false&#8221; custom_padding=&#8221;0px||0px||false|false&#8221; global_colors_info=&#8221;{}&#8221;][et_pb_fullwidth_image src=&#8221;https:\/\/www.mbmbike.it\/wp-content\/uploads\/2021\/10\/copertina_mbm.jpg&#8221; title_text=&#8221;copertina_mbm&#8221; _builder_version=&#8221;4.11.0&#8243; _module_preset=&#8221;default&#8221; custom_margin=&#8221;0px||0px||false|false&#8221; custom_padding=&#8221;0px||0px||false|false&#8221; global_colors_info=&#8221;{}&#8221;][\/et_pb_fullwidth_image][\/et_pb_section][et_pb_section fb_built=&#8221;1&#8243; _builder_version=&#8221;4.9.4&#8243; _module_preset=&#8221;default&#8221; background_color=&#8221;#37424a&#8221; background_color_gradient_direction=&#8221;129deg&#8221; background_enable_image=&#8221;off&#8221; background_size=&#8221;initial&#8221; background_position=&#8221;bottom_right&#8221; custom_padding=&#8221;30px||20px||false|false&#8221; locked=&#8221;off&#8221; global_colors_info=&#8221;{}&#8221;][et_pb_row _builder_version=&#8221;4.9.4&#8243; _module_preset=&#8221;default&#8221; custom_margin=&#8221;||0px||false|false&#8221; custom_padding=&#8221;0px||0px||false|false&#8221; global_colors_info=&#8221;{}&#8221;][et_pb_column type=&#8221;4_4&#8243; _builder_version=&#8221;4.9.4&#8243; _module_preset=&#8221;default&#8221; global_colors_info=&#8221;{}&#8221;][et_pb_text _builder_version=&#8221;4.9.4&#8243; _dynamic_attributes=&#8221;content&#8221; _module_preset=&#8221;default&#8221; text_font=&#8221;|300|||||||&#8221; text_text_color=&#8221;#FFFFFF&#8221; text_font_size=&#8221;26px&#8221; text_line_height=&#8221;1em&#8221; text_orientation=&#8221;center&#8221; custom_margin=&#8221;||0px||false|false&#8221; global_colors_info=&#8221;{}&#8221;]@ET-DC@eyJkeW5hbWljIjp0cnVlLCJjb250ZW50IjoicG9zdF9jYXRlZ29yaWVzIiwic2V0dGluZ3MiOnsiYmVmb3JlIjoiIiwiYWZ0ZXIiOiIiLCJsaW5rX3RvX3Rlcm1fcGFnZSI6Im9mZiIsInNlcGFyYXRvciI6IiB8ICIsImNhdGVnb3J5X3R5cGUiOiJwcm9kdWN0X2NhdCJ9fQ==@[\/et_pb_text][et_pb_text _builder_version=&#8221;4.9.7&#8243; _dynamic_attributes=&#8221;content&#8221; _module_preset=&#8221;default&#8221; text_font=&#8221;|700||on|||||&#8221; text_text_color=&#8221;#FFFFFF&#8221; text_font_size=&#8221;37px&#8221; text_letter_spacing=&#8221;3px&#8221; text_line_height=&#8221;1.8em&#8221; text_orientation=&#8221;center&#8221; custom_margin=&#8221;||0px||false|false&#8221; global_colors_info=&#8221;{}&#8221;]@ET-DC@eyJkeW5hbWljIjp0cnVlLCJjb250ZW50IjoicG9zdF90aXRsZSIsInNldHRpbmdzIjp7ImJlZm9yZSI6Ii0gIiwiYWZ0ZXIiOiIgLSJ9fQ==@[\/et_pb_text][\/et_pb_column][\/et_pb_row][\/et_pb_section][et_pb_section fb_built=&#8221;1&#8243; _builder_version=&#8221;4.11.0&#8243; _module_preset=&#8221;default&#8221; custom_margin=&#8221;|10%||10%|false|true&#8221; custom_padding=&#8221;50px|||||&#8221; global_colors_info=&#8221;{}&#8221;][et_pb_row _builder_version=&#8221;4.11.0&#8243; _module_preset=&#8221;default&#8221; global_colors_info=&#8221;{}&#8221;][et_pb_column type=&#8221;4_4&#8243; _builder_version=&#8221;4.11.0&#8243; _module_preset=&#8221;default&#8221; global_colors_info=&#8221;{}&#8221;][et_pb_text _builder_version=&#8221;4.13.1&#8243; _module_preset=&#8221;default&#8221; text_font_size=&#8221;14px&#8221; text_line_height=&#8221;1.6em&#8221; header_4_font=&#8221;||||||||&#8221; header_4_font_size=&#8221;16px&#8221; header_4_line_height=&#8221;1.3em&#8221; hover_enabled=&#8221;0&#8243; global_colors_info=&#8221;{}&#8221; sticky_enabled=&#8221;0&#8243;]<\/p>\n<p>Rowery miejskie, trekkingowe, modele vintage, modele sk\u0142adane, rowery g\u00f3rskie, do wyboru, do koloru: ka\u017cdy z naszych rower\u00f3w jest inny i niepowtarzalny w swoim stylu, wyj\u0105tkowy dzi\u0119ki atrakcyjnemu dizajnowi oraz komponentom<b> <\/b>wysokiej jako\u015bci.<\/p>\n<p>Cicli MBM to firma z w\u0142oskim rodowodem, kt\u00f3ra zosta\u0142a za\u0142o\u017cona w 1973 roku w Cesenie. Od samego pocz\u0105tku jej istnienia kieruje si\u0119 zasad\u0105, kt\u00f3ra odnosi si\u0119 do wszystkich naszych produkt\u00f3w: ka\u017cdy rower jest sk\u0142adany w naszej firmie przez wysoko wykwalifikowanych technik\u00f3w, kt\u00f3rzy kochaj\u0105 swoj\u0105 prac\u0119.<\/p>\n<p>To w\u0142a\u015bnie dlatego badania oraz rozw\u00f3j stanowi\u0105 kluczowy element naszej misji: nieustanne ulepszanie naszych produkt\u00f3w w celu zapewnienia wysokiej jako\u015bci us\u0142ug.<\/p>\n<p>\u00a0<\/p>\n<h4>Dokonajcie wyboru, z pewno\u015bci\u0105 b\u0119dzie to wasza najlepsza decyzja.<\/h4>\n<p>[\/et_pb_text][\/et_pb_column][\/et_pb_row][et_pb_row column_structure=&#8221;1_2,1_2&#8243; make_equal=&#8221;on&#8221; _builder_version=&#8221;4.11.0&#8243; _module_preset=&#8221;default&#8221; global_colors_info=&#8221;{}&#8221;][et_pb_column type=&#8221;1_2&#8243; _builder_version=&#8221;4.11.0&#8243; _module_preset=&#8221;default&#8221; global_colors_info=&#8221;{}&#8221;][et_pb_image src=&#8221;https:\/\/www.mbmbike.it\/wp-content\/uploads\/2021\/10\/company.jpg&#8221; title_text=&#8221;firma&#8221; _builder_version=&#8221;4.11.0&#8243; _module_preset=&#8221;default&#8221; global_colors_info=&#8221;{}&#8221;][\/et_pb_image][\/et_pb_column][et_pb_column type=&#8221;1_2&#8243; _builder_version=&#8221;4.11.0&#8243; _module_preset=&#8221;default&#8221; custom_css_main_element=&#8221;margin: auto auto;&#8221; global_colors_info=&#8221;{}&#8221;][et_pb_text _builder_version=&#8221;4.11.0&#8243; _module_preset=&#8221;default&#8221; text_font_size=&#8221;14px&#8221; text_line_height=&#8221;1.6em&#8221; header_line_height=&#8221;1.3em&#8221; global_colors_info=&#8221;{}&#8221;]<\/p>\n<p>Ka\u017cdy z was jest wyj\u0105tkowy i zas\u0142uguje na to, co najlepsze. To, co robimy jest proste: projektujemy rowery dostosowane do wszystkich potrzeb.<\/p>\n<p>\u00a0<\/p>\n<h4>Nasza <em>misja<\/em> w skr\u00f3cie:<\/h4>\n<h4><em>oferowanie rower\u00f3w dostosowanych do wszystkich potrzeb.<\/em><\/h4>\n<p>[\/et_pb_text][\/et_pb_column][\/et_pb_row][\/et_pb_section]<\/p>\n","protected":false},"excerpt":{"rendered":"<p>Rowery miejskie, trekkingowe, modele vintage, modele sk\u0142adane, rowery g\u00f3rskie, do wyboru, do koloru: ka\u017cdy z naszych rower\u00f3w jest inny i niepowtarzalny w swoim stylu, wyj\u0105tkowy dzi\u0119ki atrakcyjnemu dizajnowi oraz komponentom wysokiej jako\u015bci. Cicli MBM to firma z w\u0142oskim rodowodem, kt\u00f3ra zosta\u0142a za\u0142o\u017cona w 1973 roku w Cesenie. Od samego pocz\u0105tku jej istnienia kieruje si\u0119 zasad\u0105, [&hellip;]<\/p>\n","protected":false},"author":1,"featured_media":0,"parent":0,"menu_order":0,"comment_status":"closed","ping_status":"closed","template":"","meta":{"_et_pb_use_builder":"on","_et_pb_old_content":"","_et_gb_content_width":"","footnotes":""},"_links":{"self":[{"href":"https:\/\/www.mbmbike.it\/pl\/wp-json\/wp\/v2\/pages\/5413"}],"collection":[{"href":"https:\/\/www.mbmbike.it\/pl\/wp-json\/wp\/v2\/pages"}],"about":[{"href":"https:\/\/www.mbmbike.it\/pl\/wp-json\/wp\/v2\/types\/page"}],"author":[{"embeddable":true,"href":"https:\/\/www.mbmbike.it\/pl\/wp-json\/wp\/v2\/users\/1"}],"replies":[{"embeddable":true,"href":"https:\/\/www.mbmbike.it\/pl\/wp-json\/wp\/v2\/comments?post=5413"}],"version-history":[{"count":1,"href":"https:\/\/www.mbmbike.it\/pl\/wp-json\/wp\/v2\/pages\/5413\/revisions"}],"predecessor-version":[{"id":5414,"href":"https:\/\/www.mbmbike.it\/pl\/wp-json\/wp\/v2\/pages\/5413\/revisions\/5414"}],"wp:attachment":[{"href":"https:\/\/www.mbmbike.it\/pl\/wp-json\/wp\/v2\/media?parent=5413"}],"curies":[{"name":"wp","href":"https:\/\/api.w.org\/{rel}","templated":true}]}}