{"id":5097,"date":"2022-07-19T13:55:04","date_gmt":"2022-07-19T13:55:04","guid":{"rendered":"http:\/\/mbmbike.it\/city-bike\/"},"modified":"2024-03-07T16:05:54","modified_gmt":"2024-03-07T16:05:54","slug":"city-bike","status":"publish","type":"page","link":"https:\/\/www.mbmbike.it\/es\/city-bike\/","title":{"rendered":"City Bike"},"content":{"rendered":"<p>[et_pb_section fb_built=\u00bb1&#8243; fullwidth=\u00bbon\u00bb _builder_version=\u00bb4.16&#8243; _module_preset=\u00bbdefault\u00bb global_colors_info=\u00bb{}\u00bb][et_pb_fullwidth_slider arrows_custom_color=\u00bb#4a96af\u00bb dot_nav_custom_color=\u00bb#4a96af\u00bb _builder_version=\u00bb4.16&#8243; _module_preset=\u00bbdefault\u00bb content_width=\u00bb100%\u00bb min_height=\u00bb100vh\u00bb min_height_tablet=\u00bb100vh\u00bb min_height_phone=\u00bb100vw\u00bb min_height_last_edited=\u00bbon|phone\u00bb global_colors_info=\u00bb{}\u00bb][et_pb_slide _builder_version=\u00bb4.16&#8243; _module_preset=\u00bbdefault\u00bb background_color=\u00bbRGBA(0,0,0,0)\u00bb background_enable_color=\u00bbon\u00bb background_image=\u00bbhttps:\/\/www.mbmbike.it\/wp-content\/uploads\/2021\/10\/copertina_city.jpg\u00bb background_enable_image=\u00bbon\u00bb global_colors_info=\u00bb{}\u00bb sticky_transition=\u00bbon\u00bb][\/et_pb_slide][\/et_pb_fullwidth_slider][\/et_pb_section][et_pb_section fb_built=\u00bb1&#8243; _builder_version=\u00bb4.16&#8243; _module_preset=\u00bbdefault\u00bb background_color=\u00bb#4A96AF\u00bb background_color_gradient_direction=\u00bb129deg\u00bb background_enable_image=\u00bboff\u00bb background_size=\u00bbinitial\u00bb background_position=\u00bbbottom_right\u00bb custom_padding=\u00bb30px||20px||false|false\u00bb locked=\u00bboff\u00bb global_colors_info=\u00bb{}\u00bb][et_pb_row _builder_version=\u00bb4.16&#8243; _module_preset=\u00bbdefault\u00bb custom_margin=\u00bb||0px||false|false\u00bb custom_padding=\u00bb0px||0px||false|false\u00bb global_colors_info=\u00bb{}\u00bb][et_pb_column type=\u00bb4_4&#8243; _builder_version=\u00bb4.16&#8243; _module_preset=\u00bbdefault\u00bb global_colors_info=\u00bb{}\u00bb][et_pb_image src=\u00bbhttps:\/\/www.mbmbike.it\/wp-content\/uploads\/2021\/09\/ico_muscolari_2black.svg\u00bb title_text=\u00bbico_muscolari_2black\u00bb show_bottom_space=\u00bboff\u00bb _builder_version=\u00bb4.16&#8243; _module_preset=\u00bbdefault\u00bb width=\u00bb6%\u00bb module_alignment=\u00bbcenter\u00bb global_colors_info=\u00bb{}\u00bb][\/et_pb_image][et_pb_text _builder_version=\u00bb4.16&#8243; _dynamic_attributes=\u00bbcontent\u00bb _module_preset=\u00bbdefault\u00bb text_font=\u00bb|700||on|||||\u00bb text_text_color=\u00bb#3f3f3f\u00bb text_font_size=\u00bb37px\u00bb text_letter_spacing=\u00bb3px\u00bb text_line_height=\u00bb1.8em\u00bb header_text_color=\u00bb#000000&#8243; text_orientation=\u00bbcenter\u00bb custom_margin=\u00bb||0px||false|false\u00bb global_colors_info=\u00bb{}\u00bb]@ET-DC@eyJkeW5hbWljIjp0cnVlLCJjb250ZW50IjoicG9zdF90aXRsZSIsInNldHRpbmdzIjp7ImJlZm9yZSI6Ii0gIiwiYWZ0ZXIiOiIgLSJ9fQ==@[\/et_pb_text][\/et_pb_column][\/et_pb_row][\/et_pb_section][et_pb_section fb_built=\u00bb1&#8243; _builder_version=\u00bb4.16&#8243; _module_preset=\u00bbdefault\u00bb custom_margin=\u00bb|10%||10%|false|true\u00bb custom_padding=\u00bb50px|||||\u00bb global_colors_info=\u00bb{}\u00bb][et_pb_row module_id=\u00bbebikes-mtb\u00bb _builder_version=\u00bb4.16&#8243; _module_preset=\u00bbdefault\u00bb custom_padding=\u00bb||0px|||\u00bb global_colors_info=\u00bb{}\u00bb][et_pb_column type=\u00bb4_4&#8243; _builder_version=\u00bb4.16&#8243; _module_preset=\u00bbdefault\u00bb global_colors_info=\u00bb{}\u00bb][et_pb_text _builder_version=\u00bb4.16&#8243; _module_preset=\u00bbdefault\u00bb header_2_font=\u00bb|600||on|||||\u00bb header_2_font_size=\u00bb20px\u00bb global_colors_info=\u00bb{}\u00bb]<\/p>\n<h2>City Bike<\/h2>\n<p>[\/et_pb_text][\/et_pb_column][\/et_pb_row][et_pb_row _builder_version=\u00bb4.16&#8243; _module_preset=\u00bbdefault\u00bb global_colors_info=\u00bb{}\u00bb][et_pb_column type=\u00bb4_4&#8243; _builder_version=\u00bb4.16&#8243; _module_preset=\u00bbdefault\u00bb global_colors_info=\u00bb{}\u00bb][et_pb_shop type=\u00bbproduct_category\u00bb posts_number=\u00bb24&#8243; include_categories=\u00bb186&#8243; columns_number=\u00bb3&#8243; icon_hover_color=\u00bbRGBA(0,0,0,0)\u00bb hover_overlay_color=\u00bbRGBA(0,0,0,0)\u00bb _builder_version=\u00bb4.24.2&#8243; _module_preset=\u00bbdefault\u00bb title_font=\u00bb|600||on|||||\u00bb title_text_align=\u00bbcenter\u00bb title_font_size=\u00bb14px\u00bb hover_enabled=\u00bb0&#8243; global_colors_info=\u00bb{}\u00bb show_price=\u00bboff\u00bb sticky_enabled=\u00bb0&#8243;][\/et_pb_shop][\/et_pb_column][\/et_pb_row][et_pb_row column_structure=\u00bb1_3,1_3,1_3&#8243; make_equal=\u00bbon\u00bb _builder_version=\u00bb4.9.7&#8243; _module_preset=\u00bbdefault\u00bb background_enable_color=\u00bboff\u00bb global_module=\u00bb1231&#8243; saved_tabs=\u00bball\u00bb global_colors_info=\u00bb{}\u00bb][et_pb_column type=\u00bb1_3&#8243; _builder_version=\u00bb4.16&#8243; _module_preset=\u00bbdefault\u00bb global_colors_info=\u00bb{}\u00bb][et_pb_blurb title=\u00bbGarant\u00eda\u00bb use_icon=\u00bbon\u00bb font_icon=\u00bb&#x5a;||divi||400&#8243; icon_color=\u00bb#FFFFFF\u00bb image_icon_background_color=\u00bb#4A96AF\u00bb image_icon_width=\u00bb48px\u00bb admin_label=\u00bbBlur Garanzia\u00bb _builder_version=\u00bb4.16&#8243; _module_preset=\u00bbdefault\u00bb header_font=\u00bb|600||on|||||\u00bb header_text_align=\u00bbcenter\u00bb header_font_size=\u00bb14px\u00bb image_icon_custom_padding=\u00bb25px|25px|25px|25px|false|false\u00bb text_orientation=\u00bbcenter\u00bb custom_padding=\u00bb||25px||false|false\u00bb border_radii_image=\u00bbon|100%|100%|100%|100%\u00bb use_circle=\u00bbon\u00bb circle_color=\u00bb#4A96AF\u00bb global_colors_info=\u00bb{}\u00bb image_icon_background_color__sticky_enabled=\u00bb#4995af\u00bb image_icon_background_color__sticky=\u00bb#4995af\u00bb]<\/p>\n<p><span>Todos nuestros productos est\u00e1n garantizados durante 2 a\u00f1os a partir de la fecha de compra. Recuerda activar la garant\u00eda registrando el producto.<\/span><\/p>\n<p>[\/et_pb_blurb][et_pb_button button_url=\u00bb@ET-DC@eyJkeW5hbWljIjp0cnVlLCJjb250ZW50IjoicG9zdF9saW5rX3VybF9wYWdlIiwic2V0dGluZ3MiOnsicG9zdF9pZCI6IjE3NDMifX0=@\u00bb button_text=\u00bbActiva la garant\u00eda\u00bb button_alignment=\u00bbcenter\u00bb admin_label=\u00bbPulsante Garanzia\u00bb _builder_version=\u00bb4.16&#8243; _dynamic_attributes=\u00bbbutton_url\u00bb _module_preset=\u00bbdefault\u00bb custom_button=\u00bbon\u00bb button_text_size=\u00bb12px\u00bb button_text_color=\u00bb#FFFFFF\u00bb button_bg_color=\u00bb#4a96af\u00bb button_border_width=\u00bb0px\u00bb button_font=\u00bb|600||on|||||\u00bb button_use_icon=\u00bboff\u00bb positioning=\u00bbabsolute\u00bb position_origin_a=\u00bbbottom_center\u00bb custom_css_main_element=\u00bbwidth:180px\u00bb global_colors_info=\u00bb{}\u00bb][\/et_pb_button][\/et_pb_column][et_pb_column type=\u00bb1_3&#8243; _builder_version=\u00bb4.16&#8243; _module_preset=\u00bbdefault\u00bb global_colors_info=\u00bb{}\u00bb][et_pb_blurb title=\u00bbCuidado y mantenimiento\u00bb use_icon=\u00bbon\u00bb font_icon=\u00bb&#xe035;||divi||400&#8243; icon_color=\u00bb#FFFFFF\u00bb image_icon_background_color=\u00bb#4A96AF\u00bb image_icon_width=\u00bb48px\u00bb admin_label=\u00bbCura e manutenzione\u00bb _builder_version=\u00bb4.16&#8243; _module_preset=\u00bbdefault\u00bb header_font=\u00bb|600||on|||||\u00bb header_text_align=\u00bbcenter\u00bb header_font_size=\u00bb14px\u00bb image_icon_custom_padding=\u00bb25px|25px|25px|25px|false|false\u00bb text_orientation=\u00bbcenter\u00bb custom_padding=\u00bb||25px||false|false\u00bb border_radii_image=\u00bbon|100%|100%|100%|100%\u00bb use_circle=\u00bbon\u00bb circle_color=\u00bb#4A96AF\u00bb global_colors_info=\u00bb{}\u00bb image_icon_background_color__sticky_enabled=\u00bb#4995af\u00bb image_icon_background_color__sticky=\u00bb#4995af\u00bb]<\/p>\n<p><span>Cuidar nuestros productos es muy sencillo, solo sigue estos pocos consejos y tu bicicleta te acompa\u00f1ar\u00e1 durante mucho tiempo.<\/span><\/p>\n<p>[\/et_pb_blurb][et_pb_button button_url=\u00bb@ET-DC@eyJkeW5hbWljIjp0cnVlLCJjb250ZW50IjoicG9zdF9saW5rX3VybF9wYWdlIiwic2V0dGluZ3MiOnsicG9zdF9pZCI6IjIzNzcifX0=@\u00bb button_text=\u00bbCuidado y mantenimiento\u00bb button_alignment=\u00bbcenter\u00bb admin_label=\u00bbPulsante Cura e manutenzione\u00bb _builder_version=\u00bb4.16&#8243; _dynamic_attributes=\u00bbbutton_url\u00bb _module_preset=\u00bbdefault\u00bb custom_button=\u00bbon\u00bb button_text_size=\u00bb12px\u00bb button_text_color=\u00bb#FFFFFF\u00bb button_bg_color=\u00bb#4a96af\u00bb button_border_width=\u00bb0px\u00bb button_font=\u00bb|600||on|||||\u00bb button_use_icon=\u00bboff\u00bb positioning=\u00bbabsolute\u00bb position_origin_a=\u00bbbottom_center\u00bb custom_css_main_element=\u00bbwidth:180px\u00bb global_colors_info=\u00bb{}\u00bb][\/et_pb_button][\/et_pb_column][et_pb_column type=\u00bb1_3&#8243; _builder_version=\u00bb4.16&#8243; _module_preset=\u00bbdefault\u00bb global_colors_info=\u00bb{}\u00bb][et_pb_blurb title=\u00bbEncuentra un distribuidor\u00bb use_icon=\u00bbon\u00bb font_icon=\u00bb&#xe01d;||divi||400&#8243; icon_color=\u00bb#FFFFFF\u00bb image_icon_background_color=\u00bb#4A96AF\u00bb image_icon_width=\u00bb48px\u00bb admin_label=\u00bbTrova un rivenditore\u00bb _builder_version=\u00bb4.16&#8243; _module_preset=\u00bbdefault\u00bb header_font=\u00bb|600||on|||||\u00bb header_text_align=\u00bbcenter\u00bb header_font_size=\u00bb14px\u00bb image_icon_custom_padding=\u00bb25px|25px|25px|25px|false|false\u00bb text_orientation=\u00bbcenter\u00bb custom_padding=\u00bb||25px||false|false\u00bb border_radii_image=\u00bbon|100%|100%|100%|100%\u00bb use_circle=\u00bbon\u00bb circle_color=\u00bb#4A96AF\u00bb global_colors_info=\u00bb{}\u00bb image_icon_background_color__sticky_enabled=\u00bb#4995af\u00bb image_icon_background_color__sticky=\u00bb#4995af\u00bb]<\/p>\n<p><span>Cicli MBM cuenta con una extensa red comercial a nivel nacional. Consulta el mapa para encontrar el distribuidor m\u00e1s cercano a ti.<\/p>\n<p>[\/et_pb_blurb][et_pb_button button_url=\u00bb@ET-DC@eyJkeW5hbWljIjp0cnVlLCJjb250ZW50IjoicG9zdF9saW5rX3VybF9wYWdlIiwic2V0dGluZ3MiOnsicG9zdF9pZCI6IjIwODMifX0=@\u00bb button_text=\u00bbEncuentra un distribuidor\u00bb button_alignment=\u00bbcenter\u00bb admin_label=\u00bbPulsante Trova un rivenditore\u00bb _builder_version=\u00bb4.16&#8243; _dynamic_attributes=\u00bbbutton_url\u00bb _module_preset=\u00bbdefault\u00bb custom_button=\u00bbon\u00bb button_text_size=\u00bb12px\u00bb button_text_color=\u00bb#FFFFFF\u00bb button_bg_color=\u00bb#4a96af\u00bb button_border_width=\u00bb0px\u00bb button_font=\u00bb|600||on|||||\u00bb button_use_icon=\u00bboff\u00bb positioning=\u00bbabsolute\u00bb position_origin_a=\u00bbbottom_center\u00bb custom_css_main_element=\u00bbwidth:180px\u00bb global_colors_info=\u00bb{}\u00bb][\/et_pb_button][\/et_pb_column][\/et_pb_row][\/et_pb_section]<\/p>\n","protected":false},"excerpt":{"rendered":"<p>City BikeTodos nuestros productos est\u00e1n garantizados durante 2 a\u00f1os a partir de la fecha de compra. Recuerda activar la garant\u00eda registrando el producto.Cuidar nuestros productos es muy sencillo, solo sigue estos pocos consejos y tu bicicleta te acompa\u00f1ar\u00e1 durante mucho tiempo.Cicli MBM cuenta con una extensa red comercial a nivel nacional. Consulta el mapa para [&hellip;]<\/p>\n","protected":false},"author":1,"featured_media":0,"parent":0,"menu_order":0,"comment_status":"closed","ping_status":"closed","template":"","meta":{"_et_pb_use_builder":"on","_et_pb_old_content":"","_et_gb_content_width":"","footnotes":""},"_links":{"self":[{"href":"https:\/\/www.mbmbike.it\/es\/wp-json\/wp\/v2\/pages\/5097"}],"collection":[{"href":"https:\/\/www.mbmbike.it\/es\/wp-json\/wp\/v2\/pages"}],"about":[{"href":"https:\/\/www.mbmbike.it\/es\/wp-json\/wp\/v2\/types\/page"}],"author":[{"embeddable":true,"href":"https:\/\/www.mbmbike.it\/es\/wp-json\/wp\/v2\/users\/1"}],"replies":[{"embeddable":true,"href":"https:\/\/www.mbmbike.it\/es\/wp-json\/wp\/v2\/comments?post=5097"}],"version-history":[{"count":2,"href":"https:\/\/www.mbmbike.it\/es\/wp-json\/wp\/v2\/pages\/5097\/revisions"}],"predecessor-version":[{"id":11877,"href":"https:\/\/www.mbmbike.it\/es\/wp-json\/wp\/v2\/pages\/5097\/revisions\/11877"}],"wp:attachment":[{"href":"https:\/\/www.mbmbike.it\/es\/wp-json\/wp\/v2\/media?parent=5097"}],"curies":[{"name":"wp","href":"https:\/\/api.w.org\/{rel}","templated":true}]}}