{"id":5089,"date":"2022-07-19T13:54:12","date_gmt":"2022-07-19T13:54:12","guid":{"rendered":"http:\/\/mbmbike.it\/mbm-my-best-move\/"},"modified":"2022-07-19T14:17:41","modified_gmt":"2022-07-19T14:17:41","slug":"mbm-my-best-move","status":"publish","type":"page","link":"https:\/\/www.mbmbike.it\/es\/mbm-my-best-move\/","title":{"rendered":"MBM &#8211; My Best Move"},"content":{"rendered":"<p>[et_pb_section fb_built=\u00bb1&#8243; fullwidth=\u00bbon\u00bb _builder_version=\u00bb4.11.0&#8243; _module_preset=\u00bbdefault\u00bb custom_margin=\u00bb0px||0px||false|false\u00bb custom_padding=\u00bb0px||0px||false|false\u00bb global_colors_info=\u00bb{}\u00bb][et_pb_fullwidth_image src=\u00bbhttps:\/\/www.mbmbike.it\/wp-content\/uploads\/2021\/10\/copertina_mbm.jpg\u00bb title_text=\u00bbcopertina_mbm\u00bb _builder_version=\u00bb4.11.0&#8243; _module_preset=\u00bbdefault\u00bb custom_margin=\u00bb0px||0px||false|false\u00bb custom_padding=\u00bb0px||0px||false|false\u00bb global_colors_info=\u00bb{}\u00bb][\/et_pb_fullwidth_image][\/et_pb_section][et_pb_section fb_built=\u00bb1&#8243; _builder_version=\u00bb4.9.4&#8243; _module_preset=\u00bbdefault\u00bb background_color=\u00bb#37424a\u00bb background_color_gradient_direction=\u00bb129deg\u00bb background_enable_image=\u00bboff\u00bb background_size=\u00bbinitial\u00bb background_position=\u00bbbottom_right\u00bb custom_padding=\u00bb30px||20px||false|false\u00bb locked=\u00bboff\u00bb global_colors_info=\u00bb{}\u00bb][et_pb_row _builder_version=\u00bb4.9.4&#8243; _module_preset=\u00bbdefault\u00bb custom_margin=\u00bb||0px||false|false\u00bb custom_padding=\u00bb0px||0px||false|false\u00bb global_colors_info=\u00bb{}\u00bb][et_pb_column type=\u00bb4_4&#8243; _builder_version=\u00bb4.9.4&#8243; _module_preset=\u00bbdefault\u00bb global_colors_info=\u00bb{}\u00bb][et_pb_text _builder_version=\u00bb4.9.4&#8243; _dynamic_attributes=\u00bbcontent\u00bb _module_preset=\u00bbdefault\u00bb text_font=\u00bb|300|||||||\u00bb text_text_color=\u00bb#FFFFFF\u00bb text_font_size=\u00bb26px\u00bb text_line_height=\u00bb1em\u00bb text_orientation=\u00bbcenter\u00bb custom_margin=\u00bb||0px||false|false\u00bb global_colors_info=\u00bb{}\u00bb]@ET-DC@eyJkeW5hbWljIjp0cnVlLCJjb250ZW50IjoicG9zdF9jYXRlZ29yaWVzIiwic2V0dGluZ3MiOnsiYmVmb3JlIjoiIiwiYWZ0ZXIiOiIiLCJsaW5rX3RvX3Rlcm1fcGFnZSI6Im9mZiIsInNlcGFyYXRvciI6IiB8ICIsImNhdGVnb3J5X3R5cGUiOiJwcm9kdWN0X2NhdCJ9fQ==@[\/et_pb_text][et_pb_text _builder_version=\u00bb4.9.7&#8243; _dynamic_attributes=\u00bbcontent\u00bb _module_preset=\u00bbdefault\u00bb text_font=\u00bb|700||on|||||\u00bb text_text_color=\u00bb#FFFFFF\u00bb text_font_size=\u00bb37px\u00bb text_letter_spacing=\u00bb3px\u00bb text_line_height=\u00bb1.8em\u00bb text_orientation=\u00bbcenter\u00bb custom_margin=\u00bb||0px||false|false\u00bb global_colors_info=\u00bb{}\u00bb]@ET-DC@eyJkeW5hbWljIjp0cnVlLCJjb250ZW50IjoicG9zdF90aXRsZSIsInNldHRpbmdzIjp7ImJlZm9yZSI6Ii0gIiwiYWZ0ZXIiOiIgLSJ9fQ==@[\/et_pb_text][\/et_pb_column][\/et_pb_row][\/et_pb_section][et_pb_section fb_built=\u00bb1&#8243; _builder_version=\u00bb4.11.0&#8243; _module_preset=\u00bbdefault\u00bb custom_margin=\u00bb|10%||10%|false|true\u00bb custom_padding=\u00bb50px|||||\u00bb global_colors_info=\u00bb{}\u00bb][et_pb_row _builder_version=\u00bb4.11.0&#8243; _module_preset=\u00bbdefault\u00bb global_colors_info=\u00bb{}\u00bb][et_pb_column type=\u00bb4_4&#8243; _builder_version=\u00bb4.11.0&#8243; _module_preset=\u00bbdefault\u00bb global_colors_info=\u00bb{}\u00bb][et_pb_text _builder_version=\u00bb4.13.1&#8243; _module_preset=\u00bbdefault\u00bb text_font_size=\u00bb14px\u00bb text_line_height=\u00bb1.6em\u00bb header_4_font=\u00bb||||||||\u00bb header_4_font_size=\u00bb16px\u00bb header_4_line_height=\u00bb1.3em\u00bb hover_enabled=\u00bb0&#8243; global_colors_info=\u00bb{}\u00bb sticky_enabled=\u00bb0&#8243;]<\/p>\n<p>Bicicletas de ciudad, trekking, modelos vintage, plegables, mountain bikes, hay muchas opciones para elegir: cada una de nuestras bicicletas es diferente y \u00fanica en su estilo, adem\u00e1s de ser especial gracias a su atractivo dise\u00f1o y a sus componentes de calidad.<\/p>\n<p>Cicli MBM es una empresa con una historia 100\u00a0% italiana que nace en Cesena en el lejano 1973 y, desde entonces, hay una l\u00ednea gu\u00eda que une todos nuestros productos: cada bicicleta se ensambla dentro de nuestra empresa, que cuenta con la presencia de t\u00e9cnicos altamente cualificados y apasionados por su trabajo.<\/p>\n<p>Por esta raz\u00f3n, la investigaci\u00f3n y el desarrollo ocupan una posici\u00f3n principal en nuestra misi\u00f3n: mejorar continuamente nuestros productos, para proporcionar un servicio de alta calidad.<\/p>\n<p>\u00a0<\/p>\n<h4>Haz tu elecci\u00f3n, sin duda ser\u00e1 tu mejor jugada.<\/h4>\n<p>[\/et_pb_text][\/et_pb_column][\/et_pb_row][et_pb_row column_structure=\u00bb1_2,1_2&#8243; make_equal=\u00bbon\u00bb _builder_version=\u00bb4.11.0&#8243; _module_preset=\u00bbdefault\u00bb global_colors_info=\u00bb{}\u00bb][et_pb_column type=\u00bb1_2&#8243; _builder_version=\u00bb4.11.0&#8243; _module_preset=\u00bbdefault\u00bb global_colors_info=\u00bb{}\u00bb][et_pb_image src=\u00bbhttps:\/\/www.mbmbike.it\/wp-content\/uploads\/2021\/10\/company.jpg\u00bb title_text=\u00bbempresa\u00bb _builder_version=\u00bb4.11.0&#8243; _module_preset=\u00bbdefault\u00bb global_colors_info=\u00bb{}\u00bb][\/et_pb_image][\/et_pb_column][et_pb_column type=\u00bb1_2&#8243; _builder_version=\u00bb4.11.0&#8243; _module_preset=\u00bbdefault\u00bb custom_css_main_element=\u00bbmargin: auto auto;\u00bb global_colors_info=\u00bb{}\u00bb][et_pb_text _builder_version=\u00bb4.11.0&#8243; _module_preset=\u00bbdefault\u00bb text_font_size=\u00bb14px\u00bb text_line_height=\u00bb1.6em\u00bb header_line_height=\u00bb1.3em\u00bb global_colors_info=\u00bb{}\u00bb]<\/p>\n<p>Cada uno de vosotros es \u00fanico y merece lo mejor. Lo que hacemos es muy sencillo: dise\u00f1amos bicicletas para todas las necesidades.<\/p>\n<p>\u00a0<\/p>\n<h4>Nuestra <em>misi\u00f3n<\/em> lo resume:<\/h4>\n<h4><em>ofrecer bicicletas para todas las necesidades.<\/em><\/h4>\n<p>[\/et_pb_text][\/et_pb_column][\/et_pb_row][\/et_pb_section]<\/p>\n","protected":false},"excerpt":{"rendered":"<p>Bicicletas de ciudad, trekking, modelos vintage, plegables, mountain bikes, hay muchas opciones para elegir: cada una de nuestras bicicletas es diferente y \u00fanica en su estilo, adem\u00e1s de ser especial gracias a su atractivo dise\u00f1o y a sus componentes de calidad. Cicli MBM es una empresa con una historia 100\u00a0% italiana que nace en Cesena [&hellip;]<\/p>\n","protected":false},"author":1,"featured_media":0,"parent":0,"menu_order":0,"comment_status":"closed","ping_status":"closed","template":"","meta":{"_et_pb_use_builder":"on","_et_pb_old_content":"","_et_gb_content_width":"","footnotes":""},"_links":{"self":[{"href":"https:\/\/www.mbmbike.it\/es\/wp-json\/wp\/v2\/pages\/5089"}],"collection":[{"href":"https:\/\/www.mbmbike.it\/es\/wp-json\/wp\/v2\/pages"}],"about":[{"href":"https:\/\/www.mbmbike.it\/es\/wp-json\/wp\/v2\/types\/page"}],"author":[{"embeddable":true,"href":"https:\/\/www.mbmbike.it\/es\/wp-json\/wp\/v2\/users\/1"}],"replies":[{"embeddable":true,"href":"https:\/\/www.mbmbike.it\/es\/wp-json\/wp\/v2\/comments?post=5089"}],"version-history":[{"count":1,"href":"https:\/\/www.mbmbike.it\/es\/wp-json\/wp\/v2\/pages\/5089\/revisions"}],"predecessor-version":[{"id":5090,"href":"https:\/\/www.mbmbike.it\/es\/wp-json\/wp\/v2\/pages\/5089\/revisions\/5090"}],"wp:attachment":[{"href":"https:\/\/www.mbmbike.it\/es\/wp-json\/wp\/v2\/media?parent=5089"}],"curies":[{"name":"wp","href":"https:\/\/api.w.org\/{rel}","templated":true}]}}