{"id":5083,"date":"2022-07-19T13:53:35","date_gmt":"2022-07-19T13:53:35","guid":{"rendered":"http:\/\/mbmbike.it\/area-tecnica\/"},"modified":"2025-04-23T06:45:36","modified_gmt":"2025-04-23T06:45:36","slug":"area-tecnica","status":"publish","type":"page","link":"https:\/\/www.mbmbike.it\/es\/area-tecnica\/","title":{"rendered":"\u00c1rea t\u00e9cnica"},"content":{"rendered":"<p>[et_pb_section fb_built=\u00bb1&#8243; fullwidth=\u00bbon\u00bb _builder_version=\u00bb4.16&#8243; _module_preset=\u00bbdefault\u00bb locked=\u00bboff\u00bb global_colors_info=\u00bb{}\u00bb][et_pb_fullwidth_slider module_class=\u00bbhomepage_fullsize_slider\u00bb _builder_version=\u00bb4.16&#8243; _module_preset=\u00bbdefault\u00bb header_level=\u00bbh1&#8243; header_font=\u00bb|800|||||||\u00bb body_font=\u00bb||||||||\u00bb content_width=\u00bbauto\u00bb content_max_width=\u00bb1920px\u00bb min_height=\u00bb100vh\u00bb min_height_tablet=\u00bb100vw\u00bb min_height_phone=\u00bb100vw\u00bb min_height_last_edited=\u00bbon|tablet\u00bb height=\u00bb100vh\u00bb height_tablet=\u00bb100vh\u00bb height_phone=\u00bbauto\u00bb height_last_edited=\u00bbon|phone\u00bb max_height=\u00bb100vh\u00bb max_height_tablet=\u00bb100vh\u00bb max_height_phone=\u00bb\u00bb max_height_last_edited=\u00bbon|phone\u00bb body_font_size_tablet=\u00bb\u00bb body_font_size_phone=\u00bb28px\u00bb body_font_size_last_edited=\u00bbon|phone\u00bb global_colors_info=\u00bb{}\u00bb][et_pb_slide heading=\u00bbASISTENCIA Y DOCUMENTACI\u00d3N\u00bb _builder_version=\u00bb4.16&#8243; _module_preset=\u00bbdefault\u00bb header_level=\u00bbh1&#8243; header_font=\u00bb|800|||||||\u00bb header_font_size=\u00bb45px\u00bb body_font=\u00bb|800|||||||\u00bb body_text_align=\u00bbleft\u00bb body_font_size=\u00bb40px\u00bb body_line_height=\u00bb1em\u00bb background_enable_color=\u00bboff\u00bb background_image=\u00bbhttps:\/\/www.mbmbike.it\/wp-content\/uploads\/2022\/03\/Primavera_MBM_Cover-1.jpg\u00bb background_enable_image=\u00bbon\u00bb background_position=\u00bbtop_center\u00bb z_index=\u00bb0&#8243; text_orientation=\u00bbleft\u00bb width=\u00bb100%\u00bb custom_padding=\u00bb0px|||0px|false|false\u00bb body_font_size_tablet=\u00bb40px\u00bb body_font_size_phone=\u00bb28px\u00bb body_font_size_last_edited=\u00bbon|phone\u00bb global_colors_info=\u00bb{}\u00bb sticky_transition=\u00bbon\u00bb]<\/p>\n<h1>Consulta nuestra \u00e1rea t\u00e9cnica para descargar manuales t\u00e9cnicos, documentaci\u00f3n actualizada sobre tu producto o consultar las preguntas frecuentes.<\/h1>\n<p>[\/et_pb_slide][\/et_pb_fullwidth_slider][\/et_pb_section][et_pb_section fb_built=\u00bb1&#8243; _builder_version=\u00bb4.16&#8243; _module_preset=\u00bbdefault\u00bb custom_margin=\u00bb0px|0px|0px|0px|false|false\u00bb custom_padding=\u00bb0px|0px|0px|0px|false|false\u00bb global_colors_info=\u00bb{}\u00bb][et_pb_row column_structure=\u00bb1_2,1_2&#8243; use_custom_gutter=\u00bbon\u00bb gutter_width=\u00bb1&#8243; make_equal=\u00bbon\u00bb _builder_version=\u00bb4.16&#8243; _module_preset=\u00bbdefault\u00bb width=\u00bb100%\u00bb max_width=\u00bb100%\u00bb custom_margin=\u00bb0px|0px|0px|0px|false|false\u00bb custom_padding=\u00bb0px|0px|0px|0px|false|false\u00bb global_colors_info=\u00bb{}\u00bb][et_pb_column type=\u00bb1_2&#8243; _builder_version=\u00bb4.16&#8243; _module_preset=\u00bbdefault\u00bb background_color=\u00bb#FFFFFF\u00bb custom_padding=\u00bb5%|10%|5%|10%|true|true\u00bb custom_padding_tablet=\u00bb5%|10%|5%|10%|true|true\u00bb custom_padding_phone=\u00bb5%|5%|5%|5%|true|true\u00bb custom_padding_last_edited=\u00bbon|phone\u00bb global_colors_info=\u00bb{}\u00bb][et_pb_text _builder_version=\u00bb4.16&#8243; _module_preset=\u00bbdefault\u00bb header_font=\u00bb|800|||||||\u00bb header_text_align=\u00bbcenter\u00bb header_font_size=\u00bb35px\u00bb width=\u00bb70%\u00bb module_alignment=\u00bbcenter\u00bb custom_margin=\u00bb||3%||false|false\u00bb global_colors_info=\u00bb{}\u00bb]<\/p>\n<h1>DOCUMENTOS T\u00c9CNICOS<br \/>MUSCULARES<\/h1>\n<p>[\/et_pb_text][et_pb_image src=\u00bbhttps:\/\/www.mbmbike.it\/wp-content\/uploads\/2021\/09\/ico_muscolari_2black.svg\u00bb title_text=\u00bbico_muscolari_2black\u00bb _builder_version=\u00bb4.16&#8243; _module_preset=\u00bbdefault\u00bb width=\u00bb10%\u00bb module_alignment=\u00bbcenter\u00bb global_colors_info=\u00bb{}\u00bb][\/et_pb_image][et_pb_text _builder_version=\u00bb4.16&#8243; _module_preset=\u00bbdefault\u00bb text_text_color=\u00bb#000000&#8243; text_line_height=\u00bb1.5em\u00bb header_text_align=\u00bbcenter\u00bb header_text_color=\u00bb#FFFFFF\u00bb header_font_size=\u00bb35px\u00bb header_line_height=\u00bb1.3em\u00bb header_2_text_align=\u00bbcenter\u00bb header_2_text_color=\u00bb#FFFFFF\u00bb header_2_font_size=\u00bb20px\u00bb header_2_line_height=\u00bb1.5em\u00bb text_orientation=\u00bbcenter\u00bb width=\u00bb65%\u00bb module_alignment=\u00bbcenter\u00bb custom_padding=\u00bb20px||70px||false|false\u00bb global_colors_info=\u00bb{}\u00bb]<\/p>\n<p>Descarga manuales de instrucciones, fichas t\u00e9cnicas y m\u00e1s informaci\u00f3n sobre tu bicicleta muscular.<\/p>\n<p>[\/et_pb_text][et_pb_accordion open_toggle_text_color=\u00bb#000000&#8243; open_toggle_background_color=\u00bbRGBA(0,0,0,0)\u00bb closed_toggle_text_color=\u00bb#000000&#8243; closed_toggle_background_color=\u00bbRGBA(0,0,0,0)\u00bb icon_color=\u00bb#4A96AF\u00bb use_icon_font_size=\u00bbon\u00bb icon_font_size=\u00bb21px\u00bb _builder_version=\u00bb4.18.0&#8243; _module_preset=\u00bbdefault\u00bb toggle_text_color=\u00bb#000000&#8243; body_text_color=\u00bb#000000&#8243; border_width_all=\u00bb0px\u00bb border_width_bottom=\u00bb1px\u00bb global_colors_info=\u00bb{}\u00bb][et_pb_accordion_item title=\u00bbTodos los modelos musculares\u00bb open=\u00bbon\u00bb _builder_version=\u00bb4.18.0&#8243; _module_preset=\u00bbdefault\u00bb global_colors_info=\u00bb{}\u00bb]<\/p>\n<p>Manual de usuario &#8211; Ver. 1.0.21<\/p>\n<p><a href=\"https:\/\/www.mbmbike.it\/download\/2368\/\" target=\"_blank\" rel=\"noopener\">Download<\/a> (PDF, <span>~ 1,2Mb)<\/span><\/p>\n<p>[\/et_pb_accordion_item][\/et_pb_accordion][\/et_pb_column][et_pb_column type=\u00bb1_2&#8243; _builder_version=\u00bb4.16&#8243; _module_preset=\u00bbdefault\u00bb background_color=\u00bb#37424a\u00bb custom_padding=\u00bb5%|10%|5%|10%|true|true\u00bb custom_padding_tablet=\u00bb5%|10%|5%|10%|true|true\u00bb custom_padding_phone=\u00bb5%|5%|5%|5%|true|true\u00bb custom_padding_last_edited=\u00bbon|phone\u00bb global_colors_info=\u00bb{}\u00bb][et_pb_text _builder_version=\u00bb4.16&#8243; _module_preset=\u00bbdefault\u00bb text_text_color=\u00bb#FFFFFF\u00bb text_line_height=\u00bb1.5em\u00bb header_font=\u00bbSen|800|||||||\u00bb header_text_align=\u00bbcenter\u00bb header_text_color=\u00bb#FFFFFF\u00bb header_font_size=\u00bb35px\u00bb header_2_text_align=\u00bbcenter\u00bb header_2_text_color=\u00bb#FFFFFF\u00bb header_2_font_size=\u00bb18px\u00bb header_2_line_height=\u00bb1.5em\u00bb text_orientation=\u00bbcenter\u00bb custom_margin=\u00bb||3%||false|false\u00bb global_colors_info=\u00bb{}\u00bb]<\/p>\n<h1>DOCUMENTOS T\u00c9CNICOS E-BIKE<\/h1>\n<p>[\/et_pb_text][et_pb_image src=\u00bbhttps:\/\/www.mbmbike.it\/wp-content\/uploads\/2021\/09\/ico_ebike_4a96af.svg\u00bb title_text=\u00bbico_ebike_#4a96af\u00bb _builder_version=\u00bb4.16&#8243; _module_preset=\u00bbdefault\u00bb width=\u00bb15%\u00bb module_alignment=\u00bbcenter\u00bb global_colors_info=\u00bb{}\u00bb][\/et_pb_image][et_pb_text _builder_version=\u00bb4.16&#8243; _module_preset=\u00bbdefault\u00bb text_text_color=\u00bb#FFFFFF\u00bb text_line_height=\u00bb1.5em\u00bb header_text_align=\u00bbcenter\u00bb header_text_color=\u00bb#FFFFFF\u00bb header_font_size=\u00bb35px\u00bb header_line_height=\u00bb1.3em\u00bb header_2_text_align=\u00bbcenter\u00bb header_2_text_color=\u00bb#FFFFFF\u00bb header_2_font_size=\u00bb20px\u00bb header_2_line_height=\u00bb1.5em\u00bb text_orientation=\u00bbcenter\u00bb width=\u00bb65%\u00bb module_alignment=\u00bbcenter\u00bb custom_padding=\u00bb20px||70px||false|false\u00bb global_colors_info=\u00bb{}\u00bb]<\/p>\n<p>Descarga manuales de instrucciones, fichas t\u00e9cnicas y m\u00e1s informaci\u00f3n sobre tu bicicleta el\u00e9ctrica.<\/p>\n<p>[\/et_pb_text][et_pb_accordion open_toggle_text_color=\u00bb#FFFFFF\u00bb open_toggle_background_color=\u00bbRGBA(0,0,0,0)\u00bb closed_toggle_text_color=\u00bb#FFFFFF\u00bb closed_toggle_background_color=\u00bbRGBA(0,0,0,0)\u00bb icon_color=\u00bb#4A96AF\u00bb use_icon_font_size=\u00bbon\u00bb icon_font_size=\u00bb21px\u00bb _builder_version=\u00bb4.24.2&#8243; _module_preset=\u00bbdefault\u00bb toggle_text_color=\u00bb#FFFFFF\u00bb body_text_color=\u00bb#FFFFFF\u00bb hover_enabled=\u00bb0&#8243; border_width_all=\u00bb0px\u00bb border_width_bottom=\u00bb1px\u00bb global_colors_info=\u00bb{}\u00bb sticky_enabled=\u00bb0&#8243; locked=\u00bboff\u00bb][et_pb_accordion_item title=\u00bbMod. E-KERES PLUS\u00bb _builder_version=\u00bb4.18.1&#8243; _module_preset=\u00bbdefault\u00bb global_colors_info=\u00bb{}\u00bb open=\u00bbon\u00bb]User manual &#8211; Ver. 1.1.23<\/p>\n<p><a href=\"https:\/\/www.mbmbike.it\/wp-content\/uploads\/2023\/09\/MANUAL-KERES_PLUS.pdf\" target=\"_blank\" rel=\"noopener\">Download<\/a> (PDF, <span>~ 800Kb)<\/span>[\/et_pb_accordion_item][et_pb_accordion_item title=\u00bbMod. E-HYPERION PLUS\u00bb _builder_version=\u00bb4.18.1&#8243; _module_preset=\u00bbdefault\u00bb global_colors_info=\u00bb{}\u00bb open=\u00bboff\u00bb]User manual &#8211; Ver. 1.1.23<\/p>\n<p><a href=\"https:\/\/www.mbmbike.it\/wp-content\/uploads\/2023\/09\/MANUAL-HYP-PLUS-2023.pdf\" target=\"_blank\" rel=\"noopener\">Download<\/a> (PDF, <span>~ 800Kb)<\/span>[\/et_pb_accordion_item][et_pb_accordion_item title=\u00bbMod. E-HYPERION\u00bb _builder_version=\u00bb4.18.0&#8243; _module_preset=\u00bbdefault\u00bb global_colors_info=\u00bb{}\u00bb open=\u00bboff\u00bb]User manual &#8211; Ver. 1.1.22<\/p>\n<p><a href=\"https:\/\/www.mbmbike.it\/wp-content\/uploads\/2022\/10\/E-HYPERION-ENG.pdf\" target=\"_blank\" rel=\"noopener\">Download<\/a> (PDF, <span>~ 800Kb)<\/span>[\/et_pb_accordion_item][et_pb_accordion_item title=\u00bbMod. KAIROS PLUS\u00bb _builder_version=\u00bb4.18.1&#8243; _module_preset=\u00bbdefault\u00bb global_colors_info=\u00bb{}\u00bb open=\u00bboff\u00bb]User manual &#8211; Ver. 1.1.23<\/p>\n<p><a href=\"https:\/\/www.mbmbike.it\/wp-content\/uploads\/2023\/09\/MANUAL-KAIROS-PLUS-2023.pdf\" rel=\"noopener\">Download<\/a> (PDF, <span>~ 800Kb)<\/span>[\/et_pb_accordion_item][et_pb_accordion_item title=\u00bbMod. KAIROS\u00bb _builder_version=\u00bb4.18.1&#8243; _module_preset=\u00bbdefault\u00bb global_colors_info=\u00bb{}\u00bb open=\u00bboff\u00bb]User manual &#8211; Ver. 1.1.23<\/p>\n<p><a href=\"https:\/\/www.mbmbike.it\/wp-content\/uploads\/2023\/02\/ENG-KAIROS-MANUAL.pdf\" target=\"_blank\" rel=\"noopener\">Download<\/a> (PDF, <span>~ 800Kb)<\/span>[\/et_pb_accordion_item][et_pb_accordion_item title=\u00bbMod. KAIROS SUB\u00bb _builder_version=\u00bb4.18.1&#8243; _module_preset=\u00bbdefault\u00bb global_colors_info=\u00bb{}\u00bb open=\u00bboff\u00bb]User manual &#8211; Ver. 1.1.23<\/p>\n<p><a href=\"https:\/\/www.mbmbike.it\/wp-content\/uploads\/2023\/02\/ENG-KAIROS-SUB-MANUAL.pdf\" rel=\"noopener\">Download<\/a> (PDF, <span>~ 800Kb)<\/span>[\/et_pb_accordion_item][et_pb_accordion_item title=\u00bbMod. PRIMAVERA\u00bb _builder_version=\u00bb4.18.0&#8243; _module_preset=\u00bbdefault\u00bb global_colors_info=\u00bb{}\u00bb open=\u00bboff\u00bb]User manual &#8211; Ver. 1.1.22<\/p>\n<p><a href=\"https:\/\/www.mbmbike.it\/wp-content\/uploads\/2022\/10\/PRIMAVERA-ENG-1.pdf\" target=\"_blank\" rel=\"noopener\">Download<\/a> (PDF, <span>~ 800Kb)<\/span>[\/et_pb_accordion_item][et_pb_accordion_item title=\u00bbMod. EREBUS PRO\u00bb open=\u00bboff\u00bb _builder_version=\u00bb4.24.2&#8243; _module_preset=\u00bbdefault\u00bb global_colors_info=\u00bb{}\u00bb]User manual &#8211; Ver. 1.1.24<\/p>\n<p><a href=\"https:\/\/www.mbmbike.it\/wp-content\/uploads\/2024\/05\/MANUALE_EREBUS_PRO_ENG.pdf\" target=\"_blank\" rel=\"noopener\">Download<\/a> (PDF, <span>~ 800Kb)<\/span>[\/et_pb_accordion_item][et_pb_accordion_item title=\u00bbMod. SINOPE PRO\u00bb _builder_version=\u00bb4.24.2&#8243; _module_preset=\u00bbdefault\u00bb global_colors_info=\u00bb{}\u00bb open=\u00bboff\u00bb]User manual &#8211; Ver. 1.1.24<\/p>\n<p><a href=\"https:\/\/www.mbmbike.it\/wp-content\/uploads\/2024\/05\/MANUALE_SINOPE_PRO_ENG.pdf\" target=\"_blank\" rel=\"noopener\">Download<\/a> (PDF, <span>~ 800Kb)<\/span>[\/et_pb_accordion_item][et_pb_accordion_item title=\u00bbMod. EREBUS\u00bb open=\u00bboff\u00bb _builder_version=\u00bb4.18.0&#8243; _module_preset=\u00bbdefault\u00bb global_colors_info=\u00bb{}\u00bb]User manual &#8211; Ver. 1.1.22<\/p>\n<p><a href=\"https:\/\/www.mbmbike.it\/wp-content\/uploads\/2022\/10\/EREBUS-ENG-1.pdf\" target=\"_blank\" rel=\"noopener\">Download<\/a> (PDF, <span>~ 800Kb)<\/span>[\/et_pb_accordion_item][et_pb_accordion_item title=\u00bbMod. SINOPE\u00bb _builder_version=\u00bb4.18.0&#8243; _module_preset=\u00bbdefault\u00bb global_colors_info=\u00bb{}\u00bb open=\u00bboff\u00bb]User manual &#8211; Ver. 1.1.22<\/p>\n<p><a href=\"https:\/\/www.mbmbike.it\/wp-content\/uploads\/2022\/10\/SINOPE-ENG-1.pdf\" target=\"_blank\" rel=\"noopener\">Download<\/a> (PDF, <span>~ 800Kb)<\/span>[\/et_pb_accordion_item][et_pb_accordion_item title=\u00bbMod. OBERON\u00bb _builder_version=\u00bb4.18.0&#8243; _module_preset=\u00bbdefault\u00bb global_colors_info=\u00bb{}\u00bb open=\u00bboff\u00bb]<\/p>\n<p>User manual &#8211; Ver. 1.1.22<\/p>\n<p><a href=\"https:\/\/www.mbmbike.it\/wp-content\/uploads\/2022\/04\/MANUALE_OBERON.pdf\" target=\"_blank\" rel=\"noopener\">Download<\/a> (PDF, <span>~ 800Kb)<\/span><\/p>\n<p>[\/et_pb_accordion_item][et_pb_accordion_item title=\u00bbMod. TITANIA\u00bb _builder_version=\u00bb4.16&#8243; _module_preset=\u00bbdefault\u00bb global_colors_info=\u00bb{}\u00bb open=\u00bboff\u00bb]User manual &#8211; Ver. 1.1.22<\/p>\n<p><a href=\"https:\/\/www.mbmbike.it\/wp-content\/uploads\/2022\/04\/MANUALE_TITANIA.pdf\" target=\"_blank\" rel=\"noopener\">Download<\/a> (PDF, <span>~ 800Kb)<\/span>[\/et_pb_accordion_item][et_pb_accordion_item title=\u00bbMod. RAMBLA SPORT\u00bb _builder_version=\u00bb4.18.1&#8243; _module_preset=\u00bbdefault\u00bb global_colors_info=\u00bb{}\u00bb open=\u00bboff\u00bb]User manual &#8211; Ver. 1.1.23<\/p>\n<p><a href=\"https:\/\/www.mbmbike.it\/wp-content\/uploads\/2023\/09\/MANUAL-RAMBLA-SPORT.pdf\" target=\"_blank\" rel=\"noopener\">Download<\/a> (PDF, <span>~ 800Kb)<\/span>[\/et_pb_accordion_item][et_pb_accordion_item title=\u00bbMod. NEFELE\u00bb _builder_version=\u00bb4.24.2&#8243; _module_preset=\u00bbdefault\u00bb hover_enabled=\u00bb0&#8243; global_colors_info=\u00bb{}\u00bb open=\u00bboff\u00bb sticky_enabled=\u00bb0&#8243;]User manual &#8211; Ver. 1.1.23<\/p>\n<p><a href=\"https:\/\/www.mbmbike.it\/wp-content\/uploads\/2025\/04\/MANUALE-Nefele-Eng.pdf\" target=\"_blank\" rel=\"noopener\">Download<\/a> (PDF, <span>~ 800Kb)<\/span>[\/et_pb_accordion_item][et_pb_accordion_item title=\u00bbMod. PHRIKE\u00bb _builder_version=\u00bb4.24.2&#8243; _module_preset=\u00bbdefault\u00bb global_colors_info=\u00bb{}\u00bb open=\u00bboff\u00bb]<\/p>\n<p>User manual &#8211; Ver. 1.1.24<\/p>\n<p><a href=\"https:\/\/www.mbmbike.it\/wp-content\/uploads\/2024\/05\/MANUALE_PHRIKE_ENG.pdf\" target=\"_blank\" rel=\"noopener\">Download<\/a> (PDF, <span>~ 800Kb)<\/span><\/p>\n<p>[\/et_pb_accordion_item][et_pb_accordion_item title=\u00bbMod. RHEA 26\/28&#8243; _builder_version=\u00bb4.24.2&#8243; _module_preset=\u00bbdefault\u00bb hover_enabled=\u00bb0&#8243; global_colors_info=\u00bb{}\u00bb open=\u00bboff\u00bb sticky_enabled=\u00bb0&#8243;]User manual &#8211; Ver. 1.1.25<\/p>\n<p><a href=\"https:\/\/www.mbmbike.it\/wp-content\/uploads\/2025\/04\/MANUALE-Rhea_Man-26-28-eng.pdf\" target=\"_blank\" rel=\"noopener\">Download<\/a> (PDF, <span>~ 800Kb)<\/span>[\/et_pb_accordion_item][et_pb_accordion_item title=\u00bbMod. RHEA 24&#8243; _builder_version=\u00bb4.24.2&#8243; _module_preset=\u00bbdefault\u00bb hover_enabled=\u00bb0&#8243; global_colors_info=\u00bb{}\u00bb open=\u00bboff\u00bb sticky_enabled=\u00bb0&#8243;]User manual &#8211; Ver. 1.1.25<\/p>\n<p><a href=\"https:\/\/www.mbmbike.it\/wp-content\/uploads\/2025\/04\/MANUALE-RHEA-24-Eng.pdf\" target=\"_blank\" rel=\"noopener\">Download<\/a> (PDF, <span>~ 800Kb)<\/span>[\/et_pb_accordion_item][et_pb_accordion_item title=\u00bbMod. PULSE\u00bb _builder_version=\u00bb4.18.0&#8243; _module_preset=\u00bbdefault\u00bb global_colors_info=\u00bb{}\u00bb open=\u00bboff\u00bb]User manual &#8211; Ver. 1.1.22<\/p>\n<p><a href=\"https:\/\/www.mbmbike.it\/wp-content\/uploads\/2022\/10\/PULSE-ENG-1.pdf\" target=\"_blank\" rel=\"noopener\">Download<\/a> (PDF, <span>~ 800Kb)<\/span>[\/et_pb_accordion_item][et_pb_accordion_item title=\u00bbMod. CHAOS\u00bb _builder_version=\u00bb4.18.0&#8243; _module_preset=\u00bbdefault\u00bb global_colors_info=\u00bb{}\u00bb open=\u00bboff\u00bb]User manual &#8211; Ver. 1.1.22<\/p>\n<p><a href=\"https:\/\/www.mbmbike.it\/wp-content\/uploads\/2022\/10\/CHAOS-ENG-1.pdf\" target=\"_blank\" rel=\"noopener\">Download<\/a> (PDF, <span>~ 800Kb)<\/span>[\/et_pb_accordion_item][et_pb_accordion_item title=\u00bbMod. FUNK URBAN\u00bb _builder_version=\u00bb4.18.0&#8243; _module_preset=\u00bbdefault\u00bb global_colors_info=\u00bb{}\u00bb open=\u00bboff\u00bb]User manual &#8211; Ver. 1.1.22<\/p>\n<p><a href=\"https:\/\/www.mbmbike.it\/wp-content\/uploads\/2022\/10\/FUNK-URBAN-ENG-1.pdf\" target=\"_blank\" rel=\"noopener\">Download<\/a> (PDF, <span>~ 800Kb)<\/span>[\/et_pb_accordion_item][et_pb_accordion_item title=\u00bbMod. FUNK CROSS\u00bb _builder_version=\u00bb4.18.0&#8243; _module_preset=\u00bbdefault\u00bb global_colors_info=\u00bb{}\u00bb open=\u00bboff\u00bb]User manual &#8211; Ver. 1.1.22<\/p>\n<p><a href=\"https:\/\/www.mbmbike.it\/wp-content\/uploads\/2022\/10\/FUNK-CROSS-ENG-1.pdf\" target=\"_blank\" rel=\"noopener\">Download<\/a> (PDF, <span>~ 800Kb)<\/span>[\/et_pb_accordion_item][et_pb_accordion_item title=\u00bbMod. LA RUE\u00bb _builder_version=\u00bb4.18.0&#8243; _module_preset=\u00bbdefault\u00bb global_colors_info=\u00bb{}\u00bb open=\u00bboff\u00bb]User manual &#8211; Ver. 1.1.22<\/p>\n<p><a href=\"https:\/\/www.mbmbike.it\/wp-content\/uploads\/2022\/10\/LA-RUE-ENG-1.pdf\" target=\"_blank\" rel=\"noopener\">Download<\/a> (PDF, <span>~ 800Kb)<\/span>[\/et_pb_accordion_item][et_pb_accordion_item title=\u00bbMod. E-METR\u00d2\u00bb _builder_version=\u00bb4.18.0&#8243; _module_preset=\u00bbdefault\u00bb global_colors_info=\u00bb{}\u00bb open=\u00bboff\u00bb]User manual &#8211; Ver. 1.1.22<\/p>\n<p><a href=\"https:\/\/www.mbmbike.it\/wp-content\/uploads\/2022\/10\/E_METRO-ENG-1.pdf\" target=\"_blank\" rel=\"noopener\">Download<\/a> (PDF, <span>~ 800Kb)<\/span>[\/et_pb_accordion_item][et_pb_accordion_item title=\u00bbMod. METIS\u00bb _builder_version=\u00bb4.18.0&#8243; _module_preset=\u00bbdefault\u00bb global_colors_info=\u00bb{}\u00bb open=\u00bboff\u00bb]User manual &#8211; Ver. 1.1.22<\/p>\n<p><a href=\"https:\/\/www.mbmbike.it\/wp-content\/uploads\/2022\/10\/METIS-ENG-1.pdf\" target=\"_blank\" rel=\"noopener\">Download<\/a> (PDF, <span>~ 800Kb)<\/span>[\/et_pb_accordion_item][\/et_pb_accordion][\/et_pb_column][\/et_pb_row][\/et_pb_section][et_pb_section fb_built=\u00bb1&#8243; _builder_version=\u00bb4.16&#8243; _module_preset=\u00bbdefault\u00bb background_color=\u00bb#37424a\u00bb background_image=\u00bbhttps:\/\/www.mbmbike.it\/wp-content\/uploads\/2021\/09\/angolo_sx_4a96af.svg\u00bb background_size=\u00bbinitial\u00bb background_position=\u00bbtop_left\u00bb custom_margin=\u00bb||||false|false\u00bb custom_padding=\u00bb||||false|false\u00bb locked=\u00bboff\u00bb global_colors_info=\u00bb{}\u00bb][et_pb_row _builder_version=\u00bb4.16&#8243; _module_preset=\u00bbdefault\u00bb global_colors_info=\u00bb{}\u00bb][et_pb_column type=\u00bb4_4&#8243; _builder_version=\u00bb4.16&#8243; _module_preset=\u00bbdefault\u00bb global_colors_info=\u00bb{}\u00bb][et_pb_text _builder_version=\u00bb4.16&#8243; _module_preset=\u00bbdefault\u00bb text_font=\u00bb|300|||||||\u00bb text_text_color=\u00bb#FFFFFF\u00bb text_font_size=\u00bb14px\u00bb header_text_align=\u00bbcenter\u00bb header_text_color=\u00bb#FFFFFF\u00bb header_line_height=\u00bb1.7em\u00bb header_4_text_align=\u00bbcenter\u00bb header_4_text_color=\u00bb#FFFFFF\u00bb header_4_font_size=\u00bb16px\u00bb header_4_line_height=\u00bb1.5em\u00bb text_orientation=\u00bbcenter\u00bb global_colors_info=\u00bb{}\u00bb]<\/p>\n<h1>\u00a0&#8211; MBM WARRANTY PROGRAM &#8211;<\/h1>\n<p><b>Descubre por qu\u00e9 es importante activar inmediatamente tu garant\u00eda MBM<\/b><\/p>\n<p>[\/et_pb_text][et_pb_button button_url=\u00bb@ET-DC@eyJkeW5hbWljIjp0cnVlLCJjb250ZW50IjoicG9zdF9saW5rX3VybF9wYWdlIiwic2V0dGluZ3MiOnsicG9zdF9pZCI6IjE3NDMifX0=@\u00bb button_text=\u00bbMBM Warranty Program\u00bb button_alignment=\u00bbcenter\u00bb _builder_version=\u00bb4.16&#8243; _dynamic_attributes=\u00bbbutton_url\u00bb _module_preset=\u00bbdefault\u00bb custom_button=\u00bbon\u00bb button_text_color=\u00bb#FFFFFF\u00bb button_bg_color=\u00bb#4A96AF\u00bb button_border_width=\u00bb0px\u00bb button_font=\u00bb|||on|||||\u00bb button_use_icon=\u00bboff\u00bb global_colors_info=\u00bb{}\u00bb button_bg_color__hover_enabled=\u00bbon|hover\u00bb button_bg_color__hover=\u00bb#4A96AF\u00bb][\/et_pb_button][\/et_pb_column][\/et_pb_row][\/et_pb_section]<\/p>\n","protected":false},"excerpt":{"rendered":"<p>Consulta nuestra \u00e1rea t\u00e9cnica para descargar manuales t\u00e9cnicos, documentaci\u00f3n actualizada sobre tu producto o consultar las preguntas frecuentes.DOCUMENTOS T\u00c9CNICOSMUSCULARESDescarga manuales de instrucciones, fichas t\u00e9cnicas y m\u00e1s informaci\u00f3n sobre tu bicicleta muscular.Manual de usuario &#8211; Ver. 1.0.21 Download (PDF, ~ 1,2Mb)DOCUMENTOS T\u00c9CNICOS E-BIKEDescarga manuales de instrucciones, fichas t\u00e9cnicas y m\u00e1s informaci\u00f3n sobre tu bicicleta el\u00e9ctrica.User manual [&hellip;]<\/p>\n","protected":false},"author":1,"featured_media":0,"parent":0,"menu_order":0,"comment_status":"closed","ping_status":"closed","template":"","meta":{"_et_pb_use_builder":"on","_et_pb_old_content":"","_et_gb_content_width":"","footnotes":""},"_links":{"self":[{"href":"https:\/\/www.mbmbike.it\/es\/wp-json\/wp\/v2\/pages\/5083"}],"collection":[{"href":"https:\/\/www.mbmbike.it\/es\/wp-json\/wp\/v2\/pages"}],"about":[{"href":"https:\/\/www.mbmbike.it\/es\/wp-json\/wp\/v2\/types\/page"}],"author":[{"embeddable":true,"href":"https:\/\/www.mbmbike.it\/es\/wp-json\/wp\/v2\/users\/1"}],"replies":[{"embeddable":true,"href":"https:\/\/www.mbmbike.it\/es\/wp-json\/wp\/v2\/comments?post=5083"}],"version-history":[{"count":6,"href":"https:\/\/www.mbmbike.it\/es\/wp-json\/wp\/v2\/pages\/5083\/revisions"}],"predecessor-version":[{"id":15250,"href":"https:\/\/www.mbmbike.it\/es\/wp-json\/wp\/v2\/pages\/5083\/revisions\/15250"}],"wp:attachment":[{"href":"https:\/\/www.mbmbike.it\/es\/wp-json\/wp\/v2\/media?parent=5083"}],"curies":[{"name":"wp","href":"https:\/\/api.w.org\/{rel}","templated":true}]}}